{"id":294,"date":"2026-01-21T09:34:47","date_gmt":"2026-01-21T14:34:47","guid":{"rendered":"https:\/\/domevik.com\/?page_id=294"},"modified":"2026-01-26T19:36:36","modified_gmt":"2026-01-27T00:36:36","slug":"jugar-desde-la-experiencia-no-desde-la-competencia","status":"publish","type":"page","link":"https:\/\/domevik.com\/index.php\/jugar-desde-la-experiencia-no-desde-la-competencia\/","title":{"rendered":"Jugar desde la experiencia, no desde la competencia"},"content":{"rendered":"\n<p>Las mec\u00e1nicas de <em>Despelote<\/em> se alejan deliberadamente de los videojuegos de f\u00fatbol tradicionales. Aqu\u00ed no existen partidos formales, marcadores ni sistemas de competencia. En su lugar, el jugador controla a un ni\u00f1o que recorre las calles de Quito con un bal\u00f3n, interactuando libremente con el entorno.<\/p>\n\n\n\n<figure class=\"wp-block-embed is-type-video is-provider-youtube wp-block-embed-youtube wp-embed-aspect-16-9 wp-has-aspect-ratio\"><div class=\"wp-block-embed__wrapper\">\n<iframe title=\"#Despelote (Un juego ecuatoriano \ud83c\uddea\ud83c\udde8) | Gameplay PS5\" width=\"640\" height=\"360\" src=\"https:\/\/www.youtube.com\/embed\/Tf1WbRHlaMw?feature=oembed\" frameborder=\"0\" allow=\"accelerometer; autoplay; clipboard-write; encrypted-media; gyroscope; picture-in-picture; web-share\" referrerpolicy=\"strict-origin-when-cross-origin\" allowfullscreen><\/iframe>\n<\/div><\/figure>\n\n\n\n<p>La perspectiva en primera persona refuerza la sensaci\u00f3n de inmersi\u00f3n y cercan\u00eda. El bal\u00f3n no es un objetivo competitivo, sino una extensi\u00f3n del cuerpo y del recuerdo. Patearlo, perderlo, recuperarlo o simplemente hacerlo rodar forma parte de la experiencia narrativa y de la vida.<\/p>\n\n\n\n<div class=\"wp-block-buttons is-content-justification-center is-layout-flex wp-container-core-buttons-is-layout-a89b3969 wp-block-buttons-is-layout-flex\">\n<div class=\"wp-block-button has-custom-width wp-block-button__width-50\"><a class=\"wp-block-button__link has-border-color wp-element-button\" href=\"https:\/\/domevik.com\/index.php\/la-belleza-del-quito-cotidiano\/\" style=\"border-color:#9b51e0;border-width:4px;border-top-left-radius:100px;border-top-right-radius:100px;border-bottom-left-radius:100px;border-bottom-right-radius:100px\"><span class=\"wp-rich-text-font-awesome-icon wp-font-awesome-icon\"><svg aria-hidden=\"true\" focusable=\"false\" data-prefix=\"fas\" data-icon=\"star\" class=\"svg-inline--fa fa-star \" role=\"img\" xmlns=\"http:\/\/www.w3.org\/2000\/svg\" viewBox=\"0 0 576 512\"><path fill=\"currentColor\" d=\"M309.5-18.9c-4.1-8-12.4-13.1-21.4-13.1s-17.3 5.1-21.4 13.1L193.1 125.3 33.2 150.7c-8.9 1.4-16.3 7.7-19.1 16.3s-.5 18 5.8 24.4l114.4 114.5-25.2 159.9c-1.4 8.9 2.3 17.9 9.6 23.2s16.9 6.1 25 2L288.1 417.6 432.4 491c8 4.1 17.7 3.3 25-2s11-14.2 9.6-23.2L441.7 305.9 556.1 191.4c6.4-6.4 8.6-15.8 5.8-24.4s-10.1-14.9-19.1-16.3L383 125.3 309.5-18.9z\"><\/path><\/svg><\/span> La belleza del Quito cotidiano<\/a><\/div>\n<\/div>\n\n\n\n<p>El juego se estructura como una exploraci\u00f3n urbana. Las calles, parques y espacios p\u00fablicos funcionan como escenarios vivos donde se escuchan conversaciones, radios encendidas y comentarios de adultos que reflejan el contexto social y futbol\u00edstico de la \u00e9poca. Estas interacciones no siempre generan consecuencias claras, pero s\u00ed construyen atm\u00f3sfera y sentido y localizaci\u00f3n.<\/p>\n\n\n\n<figure class=\"wp-block-image aligncenter size-large is-resized\"><img fetchpriority=\"high\" decoding=\"async\" width=\"766\" height=\"767\" src=\"https:\/\/domevik.com\/wp-content\/uploads\/2026\/01\/Captura-de-pantalla-2026-01-19-183802-edited.png\" alt=\"\" class=\"wp-image-253\" style=\"width:475px;height:auto\" srcset=\"https:\/\/domevik.com\/wp-content\/uploads\/2026\/01\/Captura-de-pantalla-2026-01-19-183802-edited.png 766w, https:\/\/domevik.com\/wp-content\/uploads\/2026\/01\/Captura-de-pantalla-2026-01-19-183802-edited-300x300.png 300w, https:\/\/domevik.com\/wp-content\/uploads\/2026\/01\/Captura-de-pantalla-2026-01-19-183802-edited-150x150.png 150w\" sizes=\"(max-width: 766px) 100vw, 766px\" \/><\/figure>\n\n\n\n<p><em>Despelote<\/em> propone una relaci\u00f3n distinta con el tiempo y el progreso. No se trata de avanzar r\u00e1pidamente ni de superar retos, sino de observar, escuchar y habitar el espacio. La mec\u00e1nica principal es la experiencia misma, lo que sit\u00faa al juego dentro de una corriente de videojuegos narrativos y experimentales.<\/p>\n\n\n\n<figure class=\"wp-block-image aligncenter size-large is-resized\"><img decoding=\"async\" width=\"1024\" height=\"576\" src=\"https:\/\/domevik.com\/wp-content\/uploads\/2026\/01\/despelote_screenshot-launch-05-1024x576.png\" alt=\"\" class=\"wp-image-168\" style=\"width:468px;height:auto\" srcset=\"https:\/\/domevik.com\/wp-content\/uploads\/2026\/01\/despelote_screenshot-launch-05-1024x576.png 1024w, https:\/\/domevik.com\/wp-content\/uploads\/2026\/01\/despelote_screenshot-launch-05-300x169.png 300w, https:\/\/domevik.com\/wp-content\/uploads\/2026\/01\/despelote_screenshot-launch-05-768x432.png 768w, https:\/\/domevik.com\/wp-content\/uploads\/2026\/01\/despelote_screenshot-launch-05-1536x864.png 1536w, https:\/\/domevik.com\/wp-content\/uploads\/2026\/01\/despelote_screenshot-launch-05.png 1920w\" sizes=\"(max-width: 1024px) 100vw, 1024px\" \/><\/figure>\n\n\n\n<div class=\"wp-block-buttons is-content-justification-center is-layout-flex wp-container-core-buttons-is-layout-a89b3969 wp-block-buttons-is-layout-flex\">\n<div class=\"wp-block-button has-custom-width wp-block-button__width-50\"><a class=\"wp-block-button__link has-border-color wp-element-button\" href=\"https:\/\/domevik.com\/index.php\/jugar-desde-la-experiencia-no-desde-la-competencia\/la-exploracion-en-lo-urbano-juega-con-los-sentimientos\/\" style=\"border-color:#9b51e0;border-width:4px;border-top-left-radius:100px;border-top-right-radius:100px;border-bottom-left-radius:100px;border-bottom-right-radius:100px\"><span class=\"wp-rich-text-font-awesome-icon wp-font-awesome-icon\"><svg aria-hidden=\"true\" focusable=\"false\" data-prefix=\"fas\" data-icon=\"map-location-dot\" class=\"svg-inline--fa fa-map-location-dot \" role=\"img\" xmlns=\"http:\/\/www.w3.org\/2000\/svg\" viewBox=\"0 0 640 512\"><path fill=\"currentColor\" d=\"M576 48c0-11.1-5.7-21.4-15.2-27.2s-21.2-6.4-31.1-1.4L413.5 77.5 234.1 17.6c-8.1-2.7-16.8-2.1-24.4 1.7l-128 64C70.8 88.8 64 99.9 64 112l0 352c0 11.1 5.7 21.4 15.2 27.2s21.2 6.4 31.1 1.4l116.1-58.1 173.3 57.8c-4.3-6.4-8.5-13.1-12.6-19.9-11-18.3-21.9-39.3-30-61.8l-101.2-33.7 0-284.5 128 42.7 0 99.3c31-35.8 77-58.4 128-58.4 22.6 0 44.2 4.4 64 12.5L576 48zM512 224c-66.3 0-120 52.8-120 117.9 0 68.9 64.1 150.4 98.6 189.3 11.6 13 31.3 13 42.9 0 34.5-38.9 98.6-120.4 98.6-189.3 0-65.1-53.7-117.9-120-117.9zM472 344a40 40 0 1 1 80 0 40 40 0 1 1 -80 0z\"><\/path><\/svg><\/span> Exploraci\u00f3n Urbana en Despelote<\/a><\/div>\n<\/div>\n\n\n\n<p>Esta propuesta convierte a <em>Despelote<\/em> en una obra que se juega tanto como se contempla, donde la mec\u00e1nica est\u00e1 al servicio del recuerdo de lo que fue y no del rendimiento.<\/p>\n\n\n\n<div class=\"wp-block-buttons is-content-justification-center is-layout-flex wp-container-core-buttons-is-layout-a89b3969 wp-block-buttons-is-layout-flex\">\n<div class=\"wp-block-button has-custom-width wp-block-button__width-100\"><a class=\"wp-block-button__link has-border-color has-vivid-purple-border-color wp-element-button\" href=\"https:\/\/domevik.com\/index.php\/2026\/01\/20\/despelote-el-juego-ecuatoriano-que-cambio-a-los-juegos-de-futbol\/\" style=\"border-width:4px;border-top-left-radius:100px;border-top-right-radius:100px;border-bottom-left-radius:100px;border-bottom-right-radius:100px\">La obra maestra \u00a8Despelote\u00a8<\/a><\/div>\n<\/div>\n\n\n\n<p><\/p>\n","protected":false},"excerpt":{"rendered":"<p>Las mec\u00e1nicas de Despelote se alejan deliberadamente de los videojuegos de f\u00fatbol tradicionales. Aqu\u00ed no existen partidos formales,<\/p>\n","protected":false},"author":1,"featured_media":0,"parent":0,"menu_order":1,"comment_status":"closed","ping_status":"closed","template":"","meta":{"footnotes":""},"class_list":["post-294","page","type-page","status-publish","hentry"],"yoast_head":"<!-- This site is optimized with the Yoast SEO plugin v27.5 - https:\/\/yoast.com\/product\/yoast-seo-wordpress\/ -->\n<title>Jugar desde la experiencia, no desde la competencia - Domevik games<\/title>\n<meta name=\"robots\" content=\"index, follow, max-snippet:-1, max-image-preview:large, max-video-preview:-1\" \/>\n<link rel=\"canonical\" href=\"https:\/\/domevik.com\/index.php\/jugar-desde-la-experiencia-no-desde-la-competencia\/\" \/>\n<meta property=\"og:locale\" content=\"es_ES\" \/>\n<meta property=\"og:type\" content=\"article\" \/>\n<meta property=\"og:title\" content=\"Jugar desde la experiencia, no desde la competencia - Domevik games\" \/>\n<meta property=\"og:description\" content=\"Las mec\u00e1nicas de Despelote se alejan deliberadamente de los videojuegos de f\u00fatbol tradicionales. Aqu\u00ed no existen partidos formales,\" \/>\n<meta property=\"og:url\" content=\"https:\/\/domevik.com\/index.php\/jugar-desde-la-experiencia-no-desde-la-competencia\/\" \/>\n<meta property=\"og:site_name\" content=\"Domevik games\" \/>\n<meta property=\"article:publisher\" content=\"https:\/\/www.facebook.com\/dome.nevarez.977891\/\" \/>\n<meta property=\"article:modified_time\" content=\"2026-01-27T00:36:36+00:00\" \/>\n<meta property=\"og:image\" content=\"https:\/\/domevik.com\/wp-content\/uploads\/2026\/01\/Captura-de-pantalla-2026-01-19-183802-edited.png\" \/>\n\t<meta property=\"og:image:width\" content=\"766\" \/>\n\t<meta property=\"og:image:height\" content=\"767\" \/>\n\t<meta property=\"og:image:type\" content=\"image\/png\" \/>\n<meta name=\"twitter:card\" content=\"summary_large_image\" \/>\n<meta name=\"twitter:site\" content=\"@Domevik\" \/>\n<meta name=\"twitter:label1\" content=\"Tiempo de lectura\" \/>\n\t<meta name=\"twitter:data1\" content=\"2 minutos\" \/>\n<script type=\"application\/ld+json\" class=\"yoast-schema-graph\">{\"@context\":\"https:\\\/\\\/schema.org\",\"@graph\":[{\"@type\":\"WebPage\",\"@id\":\"https:\\\/\\\/domevik.com\\\/index.php\\\/jugar-desde-la-experiencia-no-desde-la-competencia\\\/\",\"url\":\"https:\\\/\\\/domevik.com\\\/index.php\\\/jugar-desde-la-experiencia-no-desde-la-competencia\\\/\",\"name\":\"Jugar desde la experiencia, no desde la competencia - Domevik games\",\"isPartOf\":{\"@id\":\"https:\\\/\\\/domevik.com\\\/#website\"},\"primaryImageOfPage\":{\"@id\":\"https:\\\/\\\/domevik.com\\\/index.php\\\/jugar-desde-la-experiencia-no-desde-la-competencia\\\/#primaryimage\"},\"image\":{\"@id\":\"https:\\\/\\\/domevik.com\\\/index.php\\\/jugar-desde-la-experiencia-no-desde-la-competencia\\\/#primaryimage\"},\"thumbnailUrl\":\"https:\\\/\\\/domevik.com\\\/wp-content\\\/uploads\\\/2026\\\/01\\\/Captura-de-pantalla-2026-01-19-183802-edited.png\",\"datePublished\":\"2026-01-21T14:34:47+00:00\",\"dateModified\":\"2026-01-27T00:36:36+00:00\",\"breadcrumb\":{\"@id\":\"https:\\\/\\\/domevik.com\\\/index.php\\\/jugar-desde-la-experiencia-no-desde-la-competencia\\\/#breadcrumb\"},\"inLanguage\":\"es\",\"potentialAction\":[{\"@type\":\"ReadAction\",\"target\":[\"https:\\\/\\\/domevik.com\\\/index.php\\\/jugar-desde-la-experiencia-no-desde-la-competencia\\\/\"]}]},{\"@type\":\"ImageObject\",\"inLanguage\":\"es\",\"@id\":\"https:\\\/\\\/domevik.com\\\/index.php\\\/jugar-desde-la-experiencia-no-desde-la-competencia\\\/#primaryimage\",\"url\":\"https:\\\/\\\/domevik.com\\\/wp-content\\\/uploads\\\/2026\\\/01\\\/Captura-de-pantalla-2026-01-19-183802-edited.png\",\"contentUrl\":\"https:\\\/\\\/domevik.com\\\/wp-content\\\/uploads\\\/2026\\\/01\\\/Captura-de-pantalla-2026-01-19-183802-edited.png\",\"width\":766,\"height\":767},{\"@type\":\"BreadcrumbList\",\"@id\":\"https:\\\/\\\/domevik.com\\\/index.php\\\/jugar-desde-la-experiencia-no-desde-la-competencia\\\/#breadcrumb\",\"itemListElement\":[{\"@type\":\"ListItem\",\"position\":1,\"name\":\"Portada\",\"item\":\"https:\\\/\\\/domevik.com\\\/\"},{\"@type\":\"ListItem\",\"position\":2,\"name\":\"Jugar desde la experiencia, no desde la competencia\"}]},{\"@type\":\"WebSite\",\"@id\":\"https:\\\/\\\/domevik.com\\\/#website\",\"url\":\"https:\\\/\\\/domevik.com\\\/\",\"name\":\"Domevik games\",\"description\":\"En esta p\u00e1gina amamos los videojuegos \",\"publisher\":{\"@id\":\"https:\\\/\\\/domevik.com\\\/#\\\/schema\\\/person\\\/837d2f033639f1eb4519adc74389aa09\"},\"potentialAction\":[{\"@type\":\"SearchAction\",\"target\":{\"@type\":\"EntryPoint\",\"urlTemplate\":\"https:\\\/\\\/domevik.com\\\/?s={search_term_string}\"},\"query-input\":{\"@type\":\"PropertyValueSpecification\",\"valueRequired\":true,\"valueName\":\"search_term_string\"}}],\"inLanguage\":\"es\"},{\"@type\":[\"Person\",\"Organization\"],\"@id\":\"https:\\\/\\\/domevik.com\\\/#\\\/schema\\\/person\\\/837d2f033639f1eb4519adc74389aa09\",\"name\":\"Domevik\",\"image\":{\"@type\":\"ImageObject\",\"inLanguage\":\"es\",\"@id\":\"https:\\\/\\\/domevik.com\\\/wp-content\\\/uploads\\\/2025\\\/11\\\/cropped-cropped-ChatGPT-Image-17-nov-2025-08_43_42.png\",\"url\":\"https:\\\/\\\/domevik.com\\\/wp-content\\\/uploads\\\/2025\\\/11\\\/cropped-cropped-ChatGPT-Image-17-nov-2025-08_43_42.png\",\"contentUrl\":\"https:\\\/\\\/domevik.com\\\/wp-content\\\/uploads\\\/2025\\\/11\\\/cropped-cropped-ChatGPT-Image-17-nov-2025-08_43_42.png\",\"width\":512,\"height\":512,\"caption\":\"Domevik\"},\"logo\":{\"@id\":\"https:\\\/\\\/domevik.com\\\/wp-content\\\/uploads\\\/2025\\\/11\\\/cropped-cropped-ChatGPT-Image-17-nov-2025-08_43_42.png\"},\"sameAs\":[\"https:\\\/\\\/domevik.com\",\"https:\\\/\\\/www.facebook.com\\\/dome.nevarez.977891\\\/\",\"https:\\\/\\\/www.instagram.com\\\/domevik_\\\/\",\"https:\\\/\\\/x.com\\\/Domevik\",\"https:\\\/\\\/www.youtube.com\\\/channel\\\/UCm7scnUxBZAmpOuUWh1pBgg\"]}]}<\/script>\n<!-- \/ Yoast SEO plugin. -->","yoast_head_json":{"title":"Jugar desde la experiencia, no desde la competencia - Domevik games","robots":{"index":"index","follow":"follow","max-snippet":"max-snippet:-1","max-image-preview":"max-image-preview:large","max-video-preview":"max-video-preview:-1"},"canonical":"https:\/\/domevik.com\/index.php\/jugar-desde-la-experiencia-no-desde-la-competencia\/","og_locale":"es_ES","og_type":"article","og_title":"Jugar desde la experiencia, no desde la competencia - Domevik games","og_description":"Las mec\u00e1nicas de Despelote se alejan deliberadamente de los videojuegos de f\u00fatbol tradicionales. Aqu\u00ed no existen partidos formales,","og_url":"https:\/\/domevik.com\/index.php\/jugar-desde-la-experiencia-no-desde-la-competencia\/","og_site_name":"Domevik games","article_publisher":"https:\/\/www.facebook.com\/dome.nevarez.977891\/","article_modified_time":"2026-01-27T00:36:36+00:00","og_image":[{"width":766,"height":767,"url":"https:\/\/domevik.com\/wp-content\/uploads\/2026\/01\/Captura-de-pantalla-2026-01-19-183802-edited.png","type":"image\/png"}],"twitter_card":"summary_large_image","twitter_site":"@Domevik","twitter_misc":{"Tiempo de lectura":"2 minutos"},"schema":{"@context":"https:\/\/schema.org","@graph":[{"@type":"WebPage","@id":"https:\/\/domevik.com\/index.php\/jugar-desde-la-experiencia-no-desde-la-competencia\/","url":"https:\/\/domevik.com\/index.php\/jugar-desde-la-experiencia-no-desde-la-competencia\/","name":"Jugar desde la experiencia, no desde la competencia - Domevik games","isPartOf":{"@id":"https:\/\/domevik.com\/#website"},"primaryImageOfPage":{"@id":"https:\/\/domevik.com\/index.php\/jugar-desde-la-experiencia-no-desde-la-competencia\/#primaryimage"},"image":{"@id":"https:\/\/domevik.com\/index.php\/jugar-desde-la-experiencia-no-desde-la-competencia\/#primaryimage"},"thumbnailUrl":"https:\/\/domevik.com\/wp-content\/uploads\/2026\/01\/Captura-de-pantalla-2026-01-19-183802-edited.png","datePublished":"2026-01-21T14:34:47+00:00","dateModified":"2026-01-27T00:36:36+00:00","breadcrumb":{"@id":"https:\/\/domevik.com\/index.php\/jugar-desde-la-experiencia-no-desde-la-competencia\/#breadcrumb"},"inLanguage":"es","potentialAction":[{"@type":"ReadAction","target":["https:\/\/domevik.com\/index.php\/jugar-desde-la-experiencia-no-desde-la-competencia\/"]}]},{"@type":"ImageObject","inLanguage":"es","@id":"https:\/\/domevik.com\/index.php\/jugar-desde-la-experiencia-no-desde-la-competencia\/#primaryimage","url":"https:\/\/domevik.com\/wp-content\/uploads\/2026\/01\/Captura-de-pantalla-2026-01-19-183802-edited.png","contentUrl":"https:\/\/domevik.com\/wp-content\/uploads\/2026\/01\/Captura-de-pantalla-2026-01-19-183802-edited.png","width":766,"height":767},{"@type":"BreadcrumbList","@id":"https:\/\/domevik.com\/index.php\/jugar-desde-la-experiencia-no-desde-la-competencia\/#breadcrumb","itemListElement":[{"@type":"ListItem","position":1,"name":"Portada","item":"https:\/\/domevik.com\/"},{"@type":"ListItem","position":2,"name":"Jugar desde la experiencia, no desde la competencia"}]},{"@type":"WebSite","@id":"https:\/\/domevik.com\/#website","url":"https:\/\/domevik.com\/","name":"Domevik games","description":"En esta p\u00e1gina amamos los videojuegos ","publisher":{"@id":"https:\/\/domevik.com\/#\/schema\/person\/837d2f033639f1eb4519adc74389aa09"},"potentialAction":[{"@type":"SearchAction","target":{"@type":"EntryPoint","urlTemplate":"https:\/\/domevik.com\/?s={search_term_string}"},"query-input":{"@type":"PropertyValueSpecification","valueRequired":true,"valueName":"search_term_string"}}],"inLanguage":"es"},{"@type":["Person","Organization"],"@id":"https:\/\/domevik.com\/#\/schema\/person\/837d2f033639f1eb4519adc74389aa09","name":"Domevik","image":{"@type":"ImageObject","inLanguage":"es","@id":"https:\/\/domevik.com\/wp-content\/uploads\/2025\/11\/cropped-cropped-ChatGPT-Image-17-nov-2025-08_43_42.png","url":"https:\/\/domevik.com\/wp-content\/uploads\/2025\/11\/cropped-cropped-ChatGPT-Image-17-nov-2025-08_43_42.png","contentUrl":"https:\/\/domevik.com\/wp-content\/uploads\/2025\/11\/cropped-cropped-ChatGPT-Image-17-nov-2025-08_43_42.png","width":512,"height":512,"caption":"Domevik"},"logo":{"@id":"https:\/\/domevik.com\/wp-content\/uploads\/2025\/11\/cropped-cropped-ChatGPT-Image-17-nov-2025-08_43_42.png"},"sameAs":["https:\/\/domevik.com","https:\/\/www.facebook.com\/dome.nevarez.977891\/","https:\/\/www.instagram.com\/domevik_\/","https:\/\/x.com\/Domevik","https:\/\/www.youtube.com\/channel\/UCm7scnUxBZAmpOuUWh1pBgg"]}]}},"_links":{"self":[{"href":"https:\/\/domevik.com\/index.php\/wp-json\/wp\/v2\/pages\/294","targetHints":{"allow":["GET"]}}],"collection":[{"href":"https:\/\/domevik.com\/index.php\/wp-json\/wp\/v2\/pages"}],"about":[{"href":"https:\/\/domevik.com\/index.php\/wp-json\/wp\/v2\/types\/page"}],"author":[{"embeddable":true,"href":"https:\/\/domevik.com\/index.php\/wp-json\/wp\/v2\/users\/1"}],"replies":[{"embeddable":true,"href":"https:\/\/domevik.com\/index.php\/wp-json\/wp\/v2\/comments?post=294"}],"version-history":[{"count":7,"href":"https:\/\/domevik.com\/index.php\/wp-json\/wp\/v2\/pages\/294\/revisions"}],"predecessor-version":[{"id":477,"href":"https:\/\/domevik.com\/index.php\/wp-json\/wp\/v2\/pages\/294\/revisions\/477"}],"wp:attachment":[{"href":"https:\/\/domevik.com\/index.php\/wp-json\/wp\/v2\/media?parent=294"}],"curies":[{"name":"wp","href":"https:\/\/api.w.org\/{rel}","templated":true}]}}