{"id":307,"date":"2026-01-21T22:57:50","date_gmt":"2026-01-22T03:57:50","guid":{"rendered":"https:\/\/domevik.com\/?page_id=307"},"modified":"2026-01-26T20:07:50","modified_gmt":"2026-01-27T01:07:50","slug":"crear-videojuegos-independientes-en-ecuador","status":"publish","type":"page","link":"https:\/\/domevik.com\/index.php\/crear-videojuegos-independientes-en-ecuador\/","title":{"rendered":"Crear videojuegos independientes en Ecuador"},"content":{"rendered":"\n<h2 class=\"wp-block-heading\"><\/h2>\n\n\n\n<hr class=\"wp-block-separator has-css-opacity is-style-default\"\/>\n\n\n\n<blockquote class=\"wp-block-quote has-text-align-center is-style-large is-layout-flow wp-block-quote-is-layout-flow\">\n<p>\u00abMi sue\u00f1o es hacer mi videojuego pero con mi sueldo de programador no se si lo lograr\u00e9.\u00bb<\/p>\n<cite>\u2014 Sunwer, <em>creador de contenido<\/em><\/cite><\/blockquote>\n\n\n\n<hr class=\"wp-block-separator has-css-opacity is-style-default\"\/>\n\n\n\n<p class=\"has-text-align-left\">La econom\u00eda no es un elemento externo a la creaci\u00f3n de un videojuego, sino una condici\u00f3n que atraviesa tanto su producci\u00f3n como su narrativa. En el caso de <em>Despelote<\/em>, el contexto econ\u00f3mico del Ecuador cumple un doble rol: define las posibilidades materiales de su desarrollo como proyecto independiente y, al mismo tiempo, se manifiesta de forma silenciosa dentro del juego como parte del entorno social que este retrata.<\/p>\n\n\n\n<p>Muchas veces sin el apoyo de instituciones o organismos privados muchas de los multiples proyectos <\/p>\n\n\n\n<div class=\"wp-block-media-text is-stacked-on-mobile\"><figure class=\"wp-block-media-text__media\"><img fetchpriority=\"high\" decoding=\"async\" width=\"1024\" height=\"390\" src=\"https:\/\/domevik.com\/wp-content\/uploads\/2026\/01\/image-6-1024x390.png\" alt=\"\" class=\"wp-image-309 size-full\" srcset=\"https:\/\/domevik.com\/wp-content\/uploads\/2026\/01\/image-6-1024x390.png 1024w, https:\/\/domevik.com\/wp-content\/uploads\/2026\/01\/image-6-300x114.png 300w, https:\/\/domevik.com\/wp-content\/uploads\/2026\/01\/image-6-768x292.png 768w, https:\/\/domevik.com\/wp-content\/uploads\/2026\/01\/image-6-1536x585.png 1536w, https:\/\/domevik.com\/wp-content\/uploads\/2026\/01\/image-6-2048x780.png 2048w\" sizes=\"(max-width: 1024px) 100vw, 1024px\" \/><\/figure><div class=\"wp-block-media-text__content\">\n<div class=\"wp-block-buttons is-content-justification-center is-layout-flex wp-container-core-buttons-is-layout-a89b3969 wp-block-buttons-is-layout-flex\">\n<div class=\"wp-block-button\"><a class=\"wp-block-button__link has-border-color has-vivid-purple-border-color wp-element-button\" href=\"https:\/\/domevik.com\/index.php\/crear-videojuegos-independientes-en-ecuador\/que-tan-facil-es-financiar-un-juego-en-ecuador\/\" style=\"border-width:4px;border-top-left-radius:100px;border-top-right-radius:100px;border-bottom-left-radius:100px;border-bottom-right-radius:100px\"><span class=\"wp-rich-text-font-awesome-icon wp-font-awesome-icon\"><svg aria-hidden=\"true\" focusable=\"false\" data-prefix=\"fas\" data-icon=\"gamepad\" class=\"svg-inline--fa fa-gamepad \" role=\"img\" xmlns=\"http:\/\/www.w3.org\/2000\/svg\" viewBox=\"0 0 640 512\"><path fill=\"currentColor\" d=\"M448 64c106 0 192 86 192 192S554 448 448 448l-256 0C86 448 0 362 0 256S86 64 192 64l256 0zM192 176c-13.3 0-24 10.7-24 24l0 32-32 0c-13.3 0-24 10.7-24 24s10.7 24 24 24l32 0 0 32c0 13.3 10.7 24 24 24s24-10.7 24-24l0-32 32 0c13.3 0 24-10.7 24-24s-10.7-24-24-24l-32 0 0-32c0-13.3-10.7-24-24-24zm240 96a32 32 0 1 0 0 64 32 32 0 1 0 0-64zm64-96a32 32 0 1 0 0 64 32 32 0 1 0 0-64z\"><\/path><\/svg><\/span> \u00bfEcuador financia los videojuegos?<\/a><\/div>\n<\/div>\n<\/div><\/div>\n\n\n\n<p><\/p>\n\n\n\n<p>El contexto econ\u00f3mico en el que se sit\u00faa <em>Despelote<\/em> es clave para comprender tanto su narrativa como su proceso de creaci\u00f3n. El juego se desarrolla en un Ecuador que a\u00fan enfrentaba las consecuencias de la crisis financiera de finales de los a\u00f1os noventa, una de las m\u00e1s profundas de su historia. La quiebra bancaria, la p\u00e9rdida de ahorros, el desempleo y la migraci\u00f3n marcaron la vida cotidiana de miles de familias, configurando un escenario social atravesado por la incertidumbre.<\/p>\n\n\n\n<div class=\"wp-block-media-text is-stacked-on-mobile\"><figure class=\"wp-block-media-text__media\"><img decoding=\"async\" width=\"480\" height=\"270\" src=\"https:\/\/domevik.com\/wp-content\/uploads\/2026\/01\/67f98f7bd4409.png\" alt=\"\" class=\"wp-image-396 size-full\" srcset=\"https:\/\/domevik.com\/wp-content\/uploads\/2026\/01\/67f98f7bd4409.png 480w, https:\/\/domevik.com\/wp-content\/uploads\/2026\/01\/67f98f7bd4409-300x169.png 300w\" sizes=\"(max-width: 480px) 100vw, 480px\" \/><\/figure><div class=\"wp-block-media-text__content\">\n<div class=\"wp-block-buttons is-content-justification-center is-layout-flex wp-container-core-buttons-is-layout-a89b3969 wp-block-buttons-is-layout-flex\">\n<div class=\"wp-block-button\"><a class=\"wp-block-button__link has-border-color has-vivid-purple-border-color wp-element-button\" href=\"https:\/\/domevik.com\/index.php\/crear-videojuegos-independientes-en-ecuador\/ecuador-en-el-juego-la-crisis-tapada-con-futbol\/\" style=\"border-width:4px;border-top-left-radius:100px;border-top-right-radius:100px;border-bottom-left-radius:100px;border-bottom-right-radius:100px\"><span class=\"wp-rich-text-font-awesome-icon wp-font-awesome-icon\"><svg aria-hidden=\"true\" focusable=\"false\" data-prefix=\"fas\" data-icon=\"sack-dollar\" class=\"svg-inline--fa fa-sack-dollar \" role=\"img\" xmlns=\"http:\/\/www.w3.org\/2000\/svg\" viewBox=\"0 0 512 512\"><path fill=\"currentColor\" d=\"M328 112l-144 0-37.3-74.5c-1.8-3.6-2.7-7.6-2.7-11.6 0-14.3 11.6-25.9 25.9-25.9L342.1 0c14.3 0 25.9 11.6 25.9 25.9 0 4-.9 8-2.7 11.6L328 112zM169.6 160l172.8 0 48.7 40.6C457.6 256 496 338 496 424.5 496 472.8 456.8 512 408.5 512l-305.1 0C55.2 512 16 472.8 16 424.5 16 338 54.4 256 120.9 200.6L169.6 160zM260 224c-11 0-20 9-20 20l0 4c-28.8 .3-52 23.7-52 52.5 0 25.7 18.5 47.6 43.9 51.8l41.7 7c6 1 10.4 6.2 10.4 12.3 0 6.9-5.6 12.5-12.5 12.5L216 384c-11 0-20 9-20 20s9 20 20 20l24 0 0 4c0 11 9 20 20 20s20-9 20-20l0-4.7c25-4.1 44-25.7 44-51.8 0-25.7-18.5-47.6-43.9-51.8l-41.7-7c-6-1-10.4-6.2-10.4-12.3 0-6.9 5.6-12.5 12.5-12.5l47.5 0c11 0 20-9 20-20s-9-20-20-20l-8 0 0-4c0-11-9-20-20-20z\"><\/path><\/svg><\/span> El Despelote economico en el 2001<\/a><\/div>\n<\/div>\n<\/div><\/div>\n\n\n\n<p>En el a\u00f1o 2000, la adopci\u00f3n de la dolarizaci\u00f3n busc\u00f3 frenar la inestabilidad econ\u00f3mica. Para 2001, si bien algunos indicadores mostraban signos de estabilizaci\u00f3n, la realidad social segu\u00eda siendo fr\u00e1gil: salarios bajos, desigualdad y una poblaci\u00f3n que aprend\u00eda a adaptarse a un nuevo sistema monetario. Este contexto econ\u00f3mico no aparece de forma expl\u00edcita en <em>Despelote<\/em>, pero est\u00e1 presente en su atm\u00f3sfera: en los barrios que recorre el jugador, en las conversaciones de fondo, en la sencillez de los espacios y en el rol del f\u00fatbol como escape y punto de uni\u00f3n.<\/p>\n\n\n\n<div class=\"wp-block-buttons is-layout-flex wp-block-buttons-is-layout-flex\">\n<div class=\"wp-block-button has-custom-width wp-block-button__width-100\"><a class=\"wp-block-button__link has-border-color wp-element-button\" href=\"https:\/\/domevik.com\/index.php\/2026\/01\/20\/despelote-el-juego-ecuatoriano-que-cambio-a-los-juegos-de-futbol\/\" style=\"border-color:#9b51e0;border-width:4px;border-top-left-radius:100px;border-top-right-radius:100px;border-bottom-left-radius:100px;border-bottom-right-radius:100px\">La Obra maestra \u00a8Despelote\u00a8<\/a><\/div>\n<\/div>\n\n\n\n<p><\/p>\n","protected":false},"excerpt":{"rendered":"<p>\u00abMi sue\u00f1o es hacer mi videojuego pero con mi sueldo de programador no se si lo lograr\u00e9.\u00bb \u2014<\/p>\n","protected":false},"author":1,"featured_media":0,"parent":0,"menu_order":1,"comment_status":"closed","ping_status":"closed","template":"","meta":{"footnotes":""},"class_list":["post-307","page","type-page","status-publish","hentry"],"yoast_head":"<!-- This site is optimized with the Yoast SEO plugin v27.5 - https:\/\/yoast.com\/product\/yoast-seo-wordpress\/ -->\n<title>Crear videojuegos independientes en Ecuador - Domevik games<\/title>\n<meta name=\"robots\" content=\"index, follow, max-snippet:-1, max-image-preview:large, max-video-preview:-1\" \/>\n<link rel=\"canonical\" href=\"https:\/\/domevik.com\/index.php\/crear-videojuegos-independientes-en-ecuador\/\" \/>\n<meta property=\"og:locale\" content=\"es_ES\" \/>\n<meta property=\"og:type\" content=\"article\" \/>\n<meta property=\"og:title\" content=\"Crear videojuegos independientes en Ecuador - Domevik games\" \/>\n<meta property=\"og:description\" content=\"\u00abMi sue\u00f1o es hacer mi videojuego pero con mi sueldo de programador no se si lo lograr\u00e9.\u00bb \u2014\" \/>\n<meta property=\"og:url\" content=\"https:\/\/domevik.com\/index.php\/crear-videojuegos-independientes-en-ecuador\/\" \/>\n<meta property=\"og:site_name\" content=\"Domevik games\" \/>\n<meta property=\"article:publisher\" content=\"https:\/\/www.facebook.com\/dome.nevarez.977891\/\" \/>\n<meta property=\"article:modified_time\" content=\"2026-01-27T01:07:50+00:00\" \/>\n<meta property=\"og:image\" content=\"https:\/\/domevik.com\/wp-content\/uploads\/2026\/01\/image-6-scaled.png\" \/>\n\t<meta property=\"og:image:width\" content=\"2560\" \/>\n\t<meta property=\"og:image:height\" content=\"975\" \/>\n\t<meta property=\"og:image:type\" content=\"image\/png\" \/>\n<meta name=\"twitter:card\" content=\"summary_large_image\" \/>\n<meta name=\"twitter:site\" content=\"@Domevik\" \/>\n<meta name=\"twitter:label1\" content=\"Tiempo de lectura\" \/>\n\t<meta name=\"twitter:data1\" content=\"2 minutos\" \/>\n<script type=\"application\/ld+json\" class=\"yoast-schema-graph\">{\"@context\":\"https:\\\/\\\/schema.org\",\"@graph\":[{\"@type\":\"WebPage\",\"@id\":\"https:\\\/\\\/domevik.com\\\/index.php\\\/crear-videojuegos-independientes-en-ecuador\\\/\",\"url\":\"https:\\\/\\\/domevik.com\\\/index.php\\\/crear-videojuegos-independientes-en-ecuador\\\/\",\"name\":\"Crear videojuegos independientes en Ecuador - Domevik games\",\"isPartOf\":{\"@id\":\"https:\\\/\\\/domevik.com\\\/#website\"},\"primaryImageOfPage\":{\"@id\":\"https:\\\/\\\/domevik.com\\\/index.php\\\/crear-videojuegos-independientes-en-ecuador\\\/#primaryimage\"},\"image\":{\"@id\":\"https:\\\/\\\/domevik.com\\\/index.php\\\/crear-videojuegos-independientes-en-ecuador\\\/#primaryimage\"},\"thumbnailUrl\":\"https:\\\/\\\/domevik.com\\\/wp-content\\\/uploads\\\/2026\\\/01\\\/image-6-1024x390.png\",\"datePublished\":\"2026-01-22T03:57:50+00:00\",\"dateModified\":\"2026-01-27T01:07:50+00:00\",\"breadcrumb\":{\"@id\":\"https:\\\/\\\/domevik.com\\\/index.php\\\/crear-videojuegos-independientes-en-ecuador\\\/#breadcrumb\"},\"inLanguage\":\"es\",\"potentialAction\":[{\"@type\":\"ReadAction\",\"target\":[\"https:\\\/\\\/domevik.com\\\/index.php\\\/crear-videojuegos-independientes-en-ecuador\\\/\"]}]},{\"@type\":\"ImageObject\",\"inLanguage\":\"es\",\"@id\":\"https:\\\/\\\/domevik.com\\\/index.php\\\/crear-videojuegos-independientes-en-ecuador\\\/#primaryimage\",\"url\":\"https:\\\/\\\/domevik.com\\\/wp-content\\\/uploads\\\/2026\\\/01\\\/image-6-scaled.png\",\"contentUrl\":\"https:\\\/\\\/domevik.com\\\/wp-content\\\/uploads\\\/2026\\\/01\\\/image-6-scaled.png\",\"width\":2560,\"height\":975},{\"@type\":\"BreadcrumbList\",\"@id\":\"https:\\\/\\\/domevik.com\\\/index.php\\\/crear-videojuegos-independientes-en-ecuador\\\/#breadcrumb\",\"itemListElement\":[{\"@type\":\"ListItem\",\"position\":1,\"name\":\"Portada\",\"item\":\"https:\\\/\\\/domevik.com\\\/\"},{\"@type\":\"ListItem\",\"position\":2,\"name\":\"Crear videojuegos independientes en Ecuador\"}]},{\"@type\":\"WebSite\",\"@id\":\"https:\\\/\\\/domevik.com\\\/#website\",\"url\":\"https:\\\/\\\/domevik.com\\\/\",\"name\":\"Domevik games\",\"description\":\"En esta p\u00e1gina amamos los videojuegos \",\"publisher\":{\"@id\":\"https:\\\/\\\/domevik.com\\\/#\\\/schema\\\/person\\\/837d2f033639f1eb4519adc74389aa09\"},\"potentialAction\":[{\"@type\":\"SearchAction\",\"target\":{\"@type\":\"EntryPoint\",\"urlTemplate\":\"https:\\\/\\\/domevik.com\\\/?s={search_term_string}\"},\"query-input\":{\"@type\":\"PropertyValueSpecification\",\"valueRequired\":true,\"valueName\":\"search_term_string\"}}],\"inLanguage\":\"es\"},{\"@type\":[\"Person\",\"Organization\"],\"@id\":\"https:\\\/\\\/domevik.com\\\/#\\\/schema\\\/person\\\/837d2f033639f1eb4519adc74389aa09\",\"name\":\"Domevik\",\"image\":{\"@type\":\"ImageObject\",\"inLanguage\":\"es\",\"@id\":\"https:\\\/\\\/domevik.com\\\/wp-content\\\/uploads\\\/2025\\\/11\\\/cropped-cropped-ChatGPT-Image-17-nov-2025-08_43_42.png\",\"url\":\"https:\\\/\\\/domevik.com\\\/wp-content\\\/uploads\\\/2025\\\/11\\\/cropped-cropped-ChatGPT-Image-17-nov-2025-08_43_42.png\",\"contentUrl\":\"https:\\\/\\\/domevik.com\\\/wp-content\\\/uploads\\\/2025\\\/11\\\/cropped-cropped-ChatGPT-Image-17-nov-2025-08_43_42.png\",\"width\":512,\"height\":512,\"caption\":\"Domevik\"},\"logo\":{\"@id\":\"https:\\\/\\\/domevik.com\\\/wp-content\\\/uploads\\\/2025\\\/11\\\/cropped-cropped-ChatGPT-Image-17-nov-2025-08_43_42.png\"},\"sameAs\":[\"https:\\\/\\\/domevik.com\",\"https:\\\/\\\/www.facebook.com\\\/dome.nevarez.977891\\\/\",\"https:\\\/\\\/www.instagram.com\\\/domevik_\\\/\",\"https:\\\/\\\/x.com\\\/Domevik\",\"https:\\\/\\\/www.youtube.com\\\/channel\\\/UCm7scnUxBZAmpOuUWh1pBgg\"]}]}<\/script>\n<!-- \/ Yoast SEO plugin. -->","yoast_head_json":{"title":"Crear videojuegos independientes en Ecuador - Domevik games","robots":{"index":"index","follow":"follow","max-snippet":"max-snippet:-1","max-image-preview":"max-image-preview:large","max-video-preview":"max-video-preview:-1"},"canonical":"https:\/\/domevik.com\/index.php\/crear-videojuegos-independientes-en-ecuador\/","og_locale":"es_ES","og_type":"article","og_title":"Crear videojuegos independientes en Ecuador - Domevik games","og_description":"\u00abMi sue\u00f1o es hacer mi videojuego pero con mi sueldo de programador no se si lo lograr\u00e9.\u00bb \u2014","og_url":"https:\/\/domevik.com\/index.php\/crear-videojuegos-independientes-en-ecuador\/","og_site_name":"Domevik games","article_publisher":"https:\/\/www.facebook.com\/dome.nevarez.977891\/","article_modified_time":"2026-01-27T01:07:50+00:00","og_image":[{"width":2560,"height":975,"url":"https:\/\/domevik.com\/wp-content\/uploads\/2026\/01\/image-6-scaled.png","type":"image\/png"}],"twitter_card":"summary_large_image","twitter_site":"@Domevik","twitter_misc":{"Tiempo de lectura":"2 minutos"},"schema":{"@context":"https:\/\/schema.org","@graph":[{"@type":"WebPage","@id":"https:\/\/domevik.com\/index.php\/crear-videojuegos-independientes-en-ecuador\/","url":"https:\/\/domevik.com\/index.php\/crear-videojuegos-independientes-en-ecuador\/","name":"Crear videojuegos independientes en Ecuador - Domevik games","isPartOf":{"@id":"https:\/\/domevik.com\/#website"},"primaryImageOfPage":{"@id":"https:\/\/domevik.com\/index.php\/crear-videojuegos-independientes-en-ecuador\/#primaryimage"},"image":{"@id":"https:\/\/domevik.com\/index.php\/crear-videojuegos-independientes-en-ecuador\/#primaryimage"},"thumbnailUrl":"https:\/\/domevik.com\/wp-content\/uploads\/2026\/01\/image-6-1024x390.png","datePublished":"2026-01-22T03:57:50+00:00","dateModified":"2026-01-27T01:07:50+00:00","breadcrumb":{"@id":"https:\/\/domevik.com\/index.php\/crear-videojuegos-independientes-en-ecuador\/#breadcrumb"},"inLanguage":"es","potentialAction":[{"@type":"ReadAction","target":["https:\/\/domevik.com\/index.php\/crear-videojuegos-independientes-en-ecuador\/"]}]},{"@type":"ImageObject","inLanguage":"es","@id":"https:\/\/domevik.com\/index.php\/crear-videojuegos-independientes-en-ecuador\/#primaryimage","url":"https:\/\/domevik.com\/wp-content\/uploads\/2026\/01\/image-6-scaled.png","contentUrl":"https:\/\/domevik.com\/wp-content\/uploads\/2026\/01\/image-6-scaled.png","width":2560,"height":975},{"@type":"BreadcrumbList","@id":"https:\/\/domevik.com\/index.php\/crear-videojuegos-independientes-en-ecuador\/#breadcrumb","itemListElement":[{"@type":"ListItem","position":1,"name":"Portada","item":"https:\/\/domevik.com\/"},{"@type":"ListItem","position":2,"name":"Crear videojuegos independientes en Ecuador"}]},{"@type":"WebSite","@id":"https:\/\/domevik.com\/#website","url":"https:\/\/domevik.com\/","name":"Domevik games","description":"En esta p\u00e1gina amamos los videojuegos ","publisher":{"@id":"https:\/\/domevik.com\/#\/schema\/person\/837d2f033639f1eb4519adc74389aa09"},"potentialAction":[{"@type":"SearchAction","target":{"@type":"EntryPoint","urlTemplate":"https:\/\/domevik.com\/?s={search_term_string}"},"query-input":{"@type":"PropertyValueSpecification","valueRequired":true,"valueName":"search_term_string"}}],"inLanguage":"es"},{"@type":["Person","Organization"],"@id":"https:\/\/domevik.com\/#\/schema\/person\/837d2f033639f1eb4519adc74389aa09","name":"Domevik","image":{"@type":"ImageObject","inLanguage":"es","@id":"https:\/\/domevik.com\/wp-content\/uploads\/2025\/11\/cropped-cropped-ChatGPT-Image-17-nov-2025-08_43_42.png","url":"https:\/\/domevik.com\/wp-content\/uploads\/2025\/11\/cropped-cropped-ChatGPT-Image-17-nov-2025-08_43_42.png","contentUrl":"https:\/\/domevik.com\/wp-content\/uploads\/2025\/11\/cropped-cropped-ChatGPT-Image-17-nov-2025-08_43_42.png","width":512,"height":512,"caption":"Domevik"},"logo":{"@id":"https:\/\/domevik.com\/wp-content\/uploads\/2025\/11\/cropped-cropped-ChatGPT-Image-17-nov-2025-08_43_42.png"},"sameAs":["https:\/\/domevik.com","https:\/\/www.facebook.com\/dome.nevarez.977891\/","https:\/\/www.instagram.com\/domevik_\/","https:\/\/x.com\/Domevik","https:\/\/www.youtube.com\/channel\/UCm7scnUxBZAmpOuUWh1pBgg"]}]}},"_links":{"self":[{"href":"https:\/\/domevik.com\/index.php\/wp-json\/wp\/v2\/pages\/307","targetHints":{"allow":["GET"]}}],"collection":[{"href":"https:\/\/domevik.com\/index.php\/wp-json\/wp\/v2\/pages"}],"about":[{"href":"https:\/\/domevik.com\/index.php\/wp-json\/wp\/v2\/types\/page"}],"author":[{"embeddable":true,"href":"https:\/\/domevik.com\/index.php\/wp-json\/wp\/v2\/users\/1"}],"replies":[{"embeddable":true,"href":"https:\/\/domevik.com\/index.php\/wp-json\/wp\/v2\/comments?post=307"}],"version-history":[{"count":5,"href":"https:\/\/domevik.com\/index.php\/wp-json\/wp\/v2\/pages\/307\/revisions"}],"predecessor-version":[{"id":498,"href":"https:\/\/domevik.com\/index.php\/wp-json\/wp\/v2\/pages\/307\/revisions\/498"}],"wp:attachment":[{"href":"https:\/\/domevik.com\/index.php\/wp-json\/wp\/v2\/media?parent=307"}],"curies":[{"name":"wp","href":"https:\/\/api.w.org\/{rel}","templated":true}]}}