{"id":347,"date":"2026-01-21T23:04:28","date_gmt":"2026-01-22T04:04:28","guid":{"rendered":"https:\/\/domevik.com\/?page_id=347"},"modified":"2026-01-26T20:37:10","modified_gmt":"2026-01-27T01:37:10","slug":"el-despelote-trascendio-a-todo-el-mundo","status":"publish","type":"page","link":"https:\/\/domevik.com\/index.php\/el-despelote-trascendio-a-todo-el-mundo\/","title":{"rendered":"El Despelote que trascendi\u00f3 a todo el mundo"},"content":{"rendered":"\n<p><em>Despelote<\/em> naci\u00f3 como un recuerdo \u00edntimo, profundamente localizado en Quito y en la infancia ecuatoriana, pero su recorrido termin\u00f3 llev\u00e1ndolo mucho m\u00e1s lejos de lo que sus creadores imaginaron. Lo que empez\u00f3 como una exploraci\u00f3n personal sobre el f\u00fatbol, la ciudad y la memoria, se convirti\u00f3 en una experiencia capaz de conectar con jugadores de distintas partes del mundo, culturas y edades.<\/p>\n\n\n\n<p>La clave de este alcance no est\u00e1 en la espectacularidad ni en la competencia, sino en su honestidad. <em>Despelote<\/em> propone jugar desde la experiencia cotidiana, desde lo emocional, desde lo humano. Y esa decisi\u00f3n permiti\u00f3 que personas que nunca han vivido en Ecuador, que no conocen Quito o incluso que no siguen el f\u00fatbol, se reconozcan en lo que el juego transmite.<\/p>\n\n\n\n<div class=\"wp-block-media-text is-stacked-on-mobile\"><figure class=\"wp-block-media-text__media\"><img fetchpriority=\"high\" decoding=\"async\" width=\"600\" height=\"405\" src=\"https:\/\/domevik.com\/wp-content\/uploads\/2026\/01\/image-22.png\" alt=\"\" class=\"wp-image-419 size-full\" srcset=\"https:\/\/domevik.com\/wp-content\/uploads\/2026\/01\/image-22.png 600w, https:\/\/domevik.com\/wp-content\/uploads\/2026\/01\/image-22-300x203.png 300w\" sizes=\"(max-width: 600px) 100vw, 600px\" \/><\/figure><div class=\"wp-block-media-text__content\">\n<div class=\"wp-block-buttons is-layout-flex wp-block-buttons-is-layout-flex\">\n<div class=\"wp-block-button has-custom-width wp-block-button__width-100\"><a class=\"wp-block-button__link has-border-color wp-element-button\" href=\"https:\/\/domevik.com\/index.php\/el-despelote-trascendio-a-todo-el-mundo\/impacto-a-nivel-mundial-de-despelote\/\" style=\"border-color:#9b51e0;border-width:4px;border-top-left-radius:100px;border-top-right-radius:100px;border-bottom-left-radius:100px;border-bottom-right-radius:100px\">Impacto a nivel mundial de Despelote<\/a><\/div>\n<\/div>\n<\/div><\/div>\n\n\n\n<p>El videojuego logr\u00f3 trascender porque habla de algo universal: la infancia, el recuerdo, la calle, el juego compartido y el f\u00fatbol como lenguaje com\u00fan. A trav\u00e9s de una est\u00e9tica sencilla y una narrativa sensible, <em>Despelote<\/em> demostr\u00f3 que un videojuego puede ser profundamente local y, al mismo tiempo, global.<\/p>\n\n\n\n<p>Este impacto se manifiesta en dos dimensiones clave. Por un lado, en la forma en que jugadores de todo el mundo se han apropiado emocionalmente del juego. Por otro, en el reconocimiento que recibi\u00f3 dentro de la industria, llegando a los espacios m\u00e1s importantes del videojuego contempor\u00e1neo.<\/p>\n\n\n\n<div class=\"wp-block-media-text has-media-on-the-right is-stacked-on-mobile\"><div class=\"wp-block-media-text__content\">\n<div class=\"wp-block-buttons is-layout-flex wp-block-buttons-is-layout-flex\">\n<div class=\"wp-block-button\"><a class=\"wp-block-button__link has-border-color wp-element-button\" style=\"border-color:#9b51e0;border-width:4px;border-top-left-radius:100px;border-top-right-radius:100px;border-bottom-left-radius:100px;border-bottom-right-radius:100px\"><span class=\"wp-rich-text-font-awesome-icon wp-font-awesome-icon\"><svg aria-hidden=\"true\" focusable=\"false\" data-prefix=\"fas\" data-icon=\"trophy\" class=\"svg-inline--fa fa-trophy \" role=\"img\" xmlns=\"http:\/\/www.w3.org\/2000\/svg\" viewBox=\"0 0 512 512\"><path fill=\"currentColor\" d=\"M144.3 0l224 0c26.5 0 48.1 21.8 47.1 48.2-.2 5.3-.4 10.6-.7 15.8l49.6 0c26.1 0 49.1 21.6 47.1 49.8-7.5 103.7-60.5 160.7-118 190.5-15.8 8.2-31.9 14.3-47.2 18.8-20.2 28.6-41.2 43.7-57.9 51.8l0 73.1 64 0c17.7 0 32 14.3 32 32s-14.3 32-32 32l-192 0c-17.7 0-32-14.3-32-32s14.3-32 32-32l64 0 0-73.1c-16-7.7-35.9-22-55.3-48.3-18.4-4.8-38.4-12.1-57.9-23.1-54.1-30.3-102.9-87.4-109.9-189.9-1.9-28.1 21-49.7 47.1-49.7l49.6 0c-.3-5.2-.5-10.4-.7-15.8-1-26.5 20.6-48.2 47.1-48.2zM101.5 112l-52.4 0c6.2 84.7 45.1 127.1 85.2 149.6-14.4-37.3-26.3-86-32.8-149.6zM380 256.8c40.5-23.8 77.1-66.1 83.3-144.8L411 112c-6.2 60.9-17.4 108.2-31 144.8z\"><\/path><\/svg><\/span> Los Oscars de los videojuegos<\/a><\/div>\n<\/div>\n<\/div><figure class=\"wp-block-media-text__media\"><img decoding=\"async\" width=\"1024\" height=\"760\" src=\"https:\/\/domevik.com\/wp-content\/uploads\/2026\/01\/image-21.png\" alt=\"\" class=\"wp-image-417 size-full\" srcset=\"https:\/\/domevik.com\/wp-content\/uploads\/2026\/01\/image-21.png 1024w, https:\/\/domevik.com\/wp-content\/uploads\/2026\/01\/image-21-300x223.png 300w, https:\/\/domevik.com\/wp-content\/uploads\/2026\/01\/image-21-768x570.png 768w\" sizes=\"(max-width: 1024px) 100vw, 1024px\" \/><\/figure><\/div>\n\n\n\n<div class=\"wp-block-buttons is-layout-flex wp-block-buttons-is-layout-flex\">\n<div class=\"wp-block-button has-custom-width wp-block-button__width-100\"><a class=\"wp-block-button__link has-border-color wp-element-button\" href=\"https:\/\/domevik.com\/index.php\/2026\/01\/20\/despelote-el-juego-ecuatoriano-que-cambio-a-los-juegos-de-futbol\/\" style=\"border-color:#9b51e0;border-width:4px;border-top-left-radius:100px;border-top-right-radius:100px;border-bottom-left-radius:100px;border-bottom-right-radius:100px\"><span class=\"wp-rich-text-font-awesome-icon wp-font-awesome-icon\"><svg aria-hidden=\"true\" focusable=\"false\" data-prefix=\"fas\" data-icon=\"share\" class=\"svg-inline--fa fa-share \" role=\"img\" xmlns=\"http:\/\/www.w3.org\/2000\/svg\" viewBox=\"0 0 512 512\"><path fill=\"currentColor\" d=\"M307.8 18.4c-12 5-19.8 16.6-19.8 29.6l0 80-112 0c-97.2 0-176 78.8-176 176 0 113.3 81.5 163.9 100.2 174.1 2.5 1.4 5.3 1.9 8.1 1.9 10.9 0 19.7-8.9 19.7-19.7 0-7.5-4.3-14.4-9.8-19.5-9.4-8.8-22.2-26.4-22.2-56.7 0-53 43-96 96-96l96 0 0 80c0 12.9 7.8 24.6 19.8 29.6s25.7 2.2 34.9-6.9l160-160c12.5-12.5 12.5-32.8 0-45.3l-160-160c-9.2-9.2-22.9-11.9-34.9-6.9z\"><\/path><\/svg><\/span> La obra maestra \u00a8Despelote\u00a8<\/a><\/div>\n<\/div>\n\n\n\n<p><\/p>\n","protected":false},"excerpt":{"rendered":"<p>Despelote naci\u00f3 como un recuerdo \u00edntimo, profundamente localizado en Quito y en la infancia ecuatoriana, pero su recorrido<\/p>\n","protected":false},"author":1,"featured_media":0,"parent":0,"menu_order":0,"comment_status":"closed","ping_status":"closed","template":"","meta":{"footnotes":""},"class_list":["post-347","page","type-page","status-publish","hentry"],"yoast_head":"<!-- This site is optimized with the Yoast SEO plugin v27.5 - https:\/\/yoast.com\/product\/yoast-seo-wordpress\/ -->\n<title>El Despelote que trascendi\u00f3 a todo el mundo - Domevik games<\/title>\n<meta name=\"robots\" content=\"index, follow, max-snippet:-1, max-image-preview:large, max-video-preview:-1\" \/>\n<link rel=\"canonical\" href=\"https:\/\/domevik.com\/index.php\/el-despelote-trascendio-a-todo-el-mundo\/\" \/>\n<meta property=\"og:locale\" content=\"es_ES\" \/>\n<meta property=\"og:type\" content=\"article\" \/>\n<meta property=\"og:title\" content=\"El Despelote que trascendi\u00f3 a todo el mundo - Domevik games\" \/>\n<meta property=\"og:description\" content=\"Despelote naci\u00f3 como un recuerdo \u00edntimo, profundamente localizado en Quito y en la infancia ecuatoriana, pero su recorrido\" \/>\n<meta property=\"og:url\" content=\"https:\/\/domevik.com\/index.php\/el-despelote-trascendio-a-todo-el-mundo\/\" \/>\n<meta property=\"og:site_name\" content=\"Domevik games\" \/>\n<meta property=\"article:publisher\" content=\"https:\/\/www.facebook.com\/dome.nevarez.977891\/\" \/>\n<meta property=\"article:modified_time\" content=\"2026-01-27T01:37:10+00:00\" \/>\n<meta property=\"og:image\" content=\"https:\/\/domevik.com\/wp-content\/uploads\/2026\/01\/image-22.png\" \/>\n\t<meta property=\"og:image:width\" content=\"600\" \/>\n\t<meta property=\"og:image:height\" content=\"405\" \/>\n\t<meta property=\"og:image:type\" content=\"image\/png\" \/>\n<meta name=\"twitter:card\" content=\"summary_large_image\" \/>\n<meta name=\"twitter:site\" content=\"@Domevik\" \/>\n<meta name=\"twitter:label1\" content=\"Tiempo de lectura\" \/>\n\t<meta name=\"twitter:data1\" content=\"2 minutos\" \/>\n<script type=\"application\/ld+json\" class=\"yoast-schema-graph\">{\"@context\":\"https:\\\/\\\/schema.org\",\"@graph\":[{\"@type\":\"WebPage\",\"@id\":\"https:\\\/\\\/domevik.com\\\/index.php\\\/el-despelote-trascendio-a-todo-el-mundo\\\/\",\"url\":\"https:\\\/\\\/domevik.com\\\/index.php\\\/el-despelote-trascendio-a-todo-el-mundo\\\/\",\"name\":\"El Despelote que trascendi\u00f3 a todo el mundo - Domevik games\",\"isPartOf\":{\"@id\":\"https:\\\/\\\/domevik.com\\\/#website\"},\"primaryImageOfPage\":{\"@id\":\"https:\\\/\\\/domevik.com\\\/index.php\\\/el-despelote-trascendio-a-todo-el-mundo\\\/#primaryimage\"},\"image\":{\"@id\":\"https:\\\/\\\/domevik.com\\\/index.php\\\/el-despelote-trascendio-a-todo-el-mundo\\\/#primaryimage\"},\"thumbnailUrl\":\"https:\\\/\\\/domevik.com\\\/wp-content\\\/uploads\\\/2026\\\/01\\\/image-22.png\",\"datePublished\":\"2026-01-22T04:04:28+00:00\",\"dateModified\":\"2026-01-27T01:37:10+00:00\",\"breadcrumb\":{\"@id\":\"https:\\\/\\\/domevik.com\\\/index.php\\\/el-despelote-trascendio-a-todo-el-mundo\\\/#breadcrumb\"},\"inLanguage\":\"es\",\"potentialAction\":[{\"@type\":\"ReadAction\",\"target\":[\"https:\\\/\\\/domevik.com\\\/index.php\\\/el-despelote-trascendio-a-todo-el-mundo\\\/\"]}]},{\"@type\":\"ImageObject\",\"inLanguage\":\"es\",\"@id\":\"https:\\\/\\\/domevik.com\\\/index.php\\\/el-despelote-trascendio-a-todo-el-mundo\\\/#primaryimage\",\"url\":\"https:\\\/\\\/domevik.com\\\/wp-content\\\/uploads\\\/2026\\\/01\\\/image-22.png\",\"contentUrl\":\"https:\\\/\\\/domevik.com\\\/wp-content\\\/uploads\\\/2026\\\/01\\\/image-22.png\",\"width\":600,\"height\":405},{\"@type\":\"BreadcrumbList\",\"@id\":\"https:\\\/\\\/domevik.com\\\/index.php\\\/el-despelote-trascendio-a-todo-el-mundo\\\/#breadcrumb\",\"itemListElement\":[{\"@type\":\"ListItem\",\"position\":1,\"name\":\"Portada\",\"item\":\"https:\\\/\\\/domevik.com\\\/\"},{\"@type\":\"ListItem\",\"position\":2,\"name\":\"El Despelote que trascendi\u00f3 a todo el mundo\"}]},{\"@type\":\"WebSite\",\"@id\":\"https:\\\/\\\/domevik.com\\\/#website\",\"url\":\"https:\\\/\\\/domevik.com\\\/\",\"name\":\"Domevik games\",\"description\":\"En esta p\u00e1gina amamos los videojuegos \",\"publisher\":{\"@id\":\"https:\\\/\\\/domevik.com\\\/#\\\/schema\\\/person\\\/837d2f033639f1eb4519adc74389aa09\"},\"potentialAction\":[{\"@type\":\"SearchAction\",\"target\":{\"@type\":\"EntryPoint\",\"urlTemplate\":\"https:\\\/\\\/domevik.com\\\/?s={search_term_string}\"},\"query-input\":{\"@type\":\"PropertyValueSpecification\",\"valueRequired\":true,\"valueName\":\"search_term_string\"}}],\"inLanguage\":\"es\"},{\"@type\":[\"Person\",\"Organization\"],\"@id\":\"https:\\\/\\\/domevik.com\\\/#\\\/schema\\\/person\\\/837d2f033639f1eb4519adc74389aa09\",\"name\":\"Domevik\",\"image\":{\"@type\":\"ImageObject\",\"inLanguage\":\"es\",\"@id\":\"https:\\\/\\\/domevik.com\\\/wp-content\\\/uploads\\\/2025\\\/11\\\/cropped-cropped-ChatGPT-Image-17-nov-2025-08_43_42.png\",\"url\":\"https:\\\/\\\/domevik.com\\\/wp-content\\\/uploads\\\/2025\\\/11\\\/cropped-cropped-ChatGPT-Image-17-nov-2025-08_43_42.png\",\"contentUrl\":\"https:\\\/\\\/domevik.com\\\/wp-content\\\/uploads\\\/2025\\\/11\\\/cropped-cropped-ChatGPT-Image-17-nov-2025-08_43_42.png\",\"width\":512,\"height\":512,\"caption\":\"Domevik\"},\"logo\":{\"@id\":\"https:\\\/\\\/domevik.com\\\/wp-content\\\/uploads\\\/2025\\\/11\\\/cropped-cropped-ChatGPT-Image-17-nov-2025-08_43_42.png\"},\"sameAs\":[\"https:\\\/\\\/domevik.com\",\"https:\\\/\\\/www.facebook.com\\\/dome.nevarez.977891\\\/\",\"https:\\\/\\\/www.instagram.com\\\/domevik_\\\/\",\"https:\\\/\\\/x.com\\\/Domevik\",\"https:\\\/\\\/www.youtube.com\\\/channel\\\/UCm7scnUxBZAmpOuUWh1pBgg\"]}]}<\/script>\n<!-- \/ Yoast SEO plugin. -->","yoast_head_json":{"title":"El Despelote que trascendi\u00f3 a todo el mundo - Domevik games","robots":{"index":"index","follow":"follow","max-snippet":"max-snippet:-1","max-image-preview":"max-image-preview:large","max-video-preview":"max-video-preview:-1"},"canonical":"https:\/\/domevik.com\/index.php\/el-despelote-trascendio-a-todo-el-mundo\/","og_locale":"es_ES","og_type":"article","og_title":"El Despelote que trascendi\u00f3 a todo el mundo - Domevik games","og_description":"Despelote naci\u00f3 como un recuerdo \u00edntimo, profundamente localizado en Quito y en la infancia ecuatoriana, pero su recorrido","og_url":"https:\/\/domevik.com\/index.php\/el-despelote-trascendio-a-todo-el-mundo\/","og_site_name":"Domevik games","article_publisher":"https:\/\/www.facebook.com\/dome.nevarez.977891\/","article_modified_time":"2026-01-27T01:37:10+00:00","og_image":[{"width":600,"height":405,"url":"https:\/\/domevik.com\/wp-content\/uploads\/2026\/01\/image-22.png","type":"image\/png"}],"twitter_card":"summary_large_image","twitter_site":"@Domevik","twitter_misc":{"Tiempo de lectura":"2 minutos"},"schema":{"@context":"https:\/\/schema.org","@graph":[{"@type":"WebPage","@id":"https:\/\/domevik.com\/index.php\/el-despelote-trascendio-a-todo-el-mundo\/","url":"https:\/\/domevik.com\/index.php\/el-despelote-trascendio-a-todo-el-mundo\/","name":"El Despelote que trascendi\u00f3 a todo el mundo - Domevik games","isPartOf":{"@id":"https:\/\/domevik.com\/#website"},"primaryImageOfPage":{"@id":"https:\/\/domevik.com\/index.php\/el-despelote-trascendio-a-todo-el-mundo\/#primaryimage"},"image":{"@id":"https:\/\/domevik.com\/index.php\/el-despelote-trascendio-a-todo-el-mundo\/#primaryimage"},"thumbnailUrl":"https:\/\/domevik.com\/wp-content\/uploads\/2026\/01\/image-22.png","datePublished":"2026-01-22T04:04:28+00:00","dateModified":"2026-01-27T01:37:10+00:00","breadcrumb":{"@id":"https:\/\/domevik.com\/index.php\/el-despelote-trascendio-a-todo-el-mundo\/#breadcrumb"},"inLanguage":"es","potentialAction":[{"@type":"ReadAction","target":["https:\/\/domevik.com\/index.php\/el-despelote-trascendio-a-todo-el-mundo\/"]}]},{"@type":"ImageObject","inLanguage":"es","@id":"https:\/\/domevik.com\/index.php\/el-despelote-trascendio-a-todo-el-mundo\/#primaryimage","url":"https:\/\/domevik.com\/wp-content\/uploads\/2026\/01\/image-22.png","contentUrl":"https:\/\/domevik.com\/wp-content\/uploads\/2026\/01\/image-22.png","width":600,"height":405},{"@type":"BreadcrumbList","@id":"https:\/\/domevik.com\/index.php\/el-despelote-trascendio-a-todo-el-mundo\/#breadcrumb","itemListElement":[{"@type":"ListItem","position":1,"name":"Portada","item":"https:\/\/domevik.com\/"},{"@type":"ListItem","position":2,"name":"El Despelote que trascendi\u00f3 a todo el mundo"}]},{"@type":"WebSite","@id":"https:\/\/domevik.com\/#website","url":"https:\/\/domevik.com\/","name":"Domevik games","description":"En esta p\u00e1gina amamos los videojuegos ","publisher":{"@id":"https:\/\/domevik.com\/#\/schema\/person\/837d2f033639f1eb4519adc74389aa09"},"potentialAction":[{"@type":"SearchAction","target":{"@type":"EntryPoint","urlTemplate":"https:\/\/domevik.com\/?s={search_term_string}"},"query-input":{"@type":"PropertyValueSpecification","valueRequired":true,"valueName":"search_term_string"}}],"inLanguage":"es"},{"@type":["Person","Organization"],"@id":"https:\/\/domevik.com\/#\/schema\/person\/837d2f033639f1eb4519adc74389aa09","name":"Domevik","image":{"@type":"ImageObject","inLanguage":"es","@id":"https:\/\/domevik.com\/wp-content\/uploads\/2025\/11\/cropped-cropped-ChatGPT-Image-17-nov-2025-08_43_42.png","url":"https:\/\/domevik.com\/wp-content\/uploads\/2025\/11\/cropped-cropped-ChatGPT-Image-17-nov-2025-08_43_42.png","contentUrl":"https:\/\/domevik.com\/wp-content\/uploads\/2025\/11\/cropped-cropped-ChatGPT-Image-17-nov-2025-08_43_42.png","width":512,"height":512,"caption":"Domevik"},"logo":{"@id":"https:\/\/domevik.com\/wp-content\/uploads\/2025\/11\/cropped-cropped-ChatGPT-Image-17-nov-2025-08_43_42.png"},"sameAs":["https:\/\/domevik.com","https:\/\/www.facebook.com\/dome.nevarez.977891\/","https:\/\/www.instagram.com\/domevik_\/","https:\/\/x.com\/Domevik","https:\/\/www.youtube.com\/channel\/UCm7scnUxBZAmpOuUWh1pBgg"]}]}},"_links":{"self":[{"href":"https:\/\/domevik.com\/index.php\/wp-json\/wp\/v2\/pages\/347","targetHints":{"allow":["GET"]}}],"collection":[{"href":"https:\/\/domevik.com\/index.php\/wp-json\/wp\/v2\/pages"}],"about":[{"href":"https:\/\/domevik.com\/index.php\/wp-json\/wp\/v2\/types\/page"}],"author":[{"embeddable":true,"href":"https:\/\/domevik.com\/index.php\/wp-json\/wp\/v2\/users\/1"}],"replies":[{"embeddable":true,"href":"https:\/\/domevik.com\/index.php\/wp-json\/wp\/v2\/comments?post=347"}],"version-history":[{"count":5,"href":"https:\/\/domevik.com\/index.php\/wp-json\/wp\/v2\/pages\/347\/revisions"}],"predecessor-version":[{"id":502,"href":"https:\/\/domevik.com\/index.php\/wp-json\/wp\/v2\/pages\/347\/revisions\/502"}],"wp:attachment":[{"href":"https:\/\/domevik.com\/index.php\/wp-json\/wp\/v2\/media?parent=347"}],"curies":[{"name":"wp","href":"https:\/\/api.w.org\/{rel}","templated":true}]}}