{"id":351,"date":"2026-01-21T23:07:24","date_gmt":"2026-01-22T04:07:24","guid":{"rendered":"https:\/\/domevik.com\/?page_id=351"},"modified":"2026-01-26T20:26:34","modified_gmt":"2026-01-27T01:26:34","slug":"los-oscars-de-los-videojuegos","status":"publish","type":"page","link":"https:\/\/domevik.com\/index.php\/el-despelote-trascendio-a-todo-el-mundo\/los-oscars-de-los-videojuegos\/","title":{"rendered":"Los Oscars de los videojuegos"},"content":{"rendered":"\n<p>Los <strong>Game Awards<\/strong> son considerados el espacio de mayor visibilidad y legitimaci\u00f3n dentro de la industria del videojuego. Cada a\u00f1o re\u00fanen a desarrolladores, estudios, prensa especializada y millones de espectadores alrededor del mundo. Ser nominado en este evento no solo implica reconocimiento t\u00e9cnico o art\u00edstico, sino la validaci\u00f3n de una obra dentro del canon contempor\u00e1neo del videojuego. <\/p>\n\n\n\n<p>Si no conocias estos premios te recomiendo: <\/p>\n\n\n\n<figure class=\"wp-block-embed aligncenter is-type-wp-embed is-provider-domevik-games wp-block-embed-domevik-games\"><div class=\"wp-block-embed__wrapper\">\n<blockquote class=\"wp-embedded-content\" data-secret=\"riwEp8jWBB\"><a href=\"https:\/\/domevik.com\/index.php\/2025\/12\/03\/la-historia-detras-de-los-game-awards\/\">La historia detr\u00e1s de los Game Awards<\/a><\/blockquote><iframe class=\"wp-embedded-content\" sandbox=\"allow-scripts\" security=\"restricted\" style=\"position: absolute; visibility: hidden;\" title=\"\u00abLa historia detr\u00e1s de los Game Awards\u00bb \u2014 Domevik games \" src=\"https:\/\/domevik.com\/index.php\/2025\/12\/03\/la-historia-detras-de-los-game-awards\/embed\/#?secret=8QuyBYoP2C#?secret=riwEp8jWBB\" data-secret=\"riwEp8jWBB\" width=\"600\" height=\"338\" frameborder=\"0\" marginwidth=\"0\" marginheight=\"0\" scrolling=\"no\"><\/iframe>\n<\/div><\/figure>\n\n\n\n<p>En este contexto, la nominaci\u00f3n de <em>Despelote<\/em> represent\u00f3 un hecho hist\u00f3rico para el videojuego ecuatoriano. Un proyecto independiente, desarrollado desde una experiencia personal y con una fuerte carga cultural local, logr\u00f3 posicionarse junto a producciones de alcance global. Esto confirm\u00f3 que el videojuego puede ser entendido como una forma leg\u00edtima de expresi\u00f3n art\u00edstica y no \u00fanicamente como entretenimiento competitivo.<\/p>\n\n\n\n<h3 class=\"wp-block-heading\">Una nominaci\u00f3n que rompi\u00f3 expectativas<\/h3>\n\n\n\n<p><em>Despelote<\/em> fue nominado en una categor\u00eda que reconoce propuestas autorales, sensibles e innovadoras, alejadas de los grandes presupuestos y las f\u00f3rmulas tradicionales de la industria. Su presencia en los Game Awards puso en evidencia que el jurado valor\u00f3 aspectos como la narrativa \u00edntima, la exploraci\u00f3n urbana, la memoria colectiva y el uso del f\u00fatbol como lenguaje emocional.<\/p>\n\n\n\n<figure class=\"wp-block-embed aligncenter is-type-video is-provider-youtube wp-block-embed-youtube wp-embed-aspect-9-16 wp-has-aspect-ratio\" style=\"margin-top:0;margin-right:0;margin-bottom:0;margin-left:0\"><div class=\"wp-block-embed__wrapper\">\n<iframe title=\"Despelote\" width=\"540\" height=\"960\" src=\"https:\/\/www.youtube.com\/embed\/Ch5gJ8usKF0?feature=oembed\" frameborder=\"0\" allow=\"accelerometer; autoplay; clipboard-write; encrypted-media; gyroscope; picture-in-picture; web-share\" referrerpolicy=\"strict-origin-when-cross-origin\" allowfullscreen><\/iframe>\n<\/div><\/figure>\n\n\n\n<p>El juego no destac\u00f3 por gr\u00e1ficos hiperrealistas ni por sistemas complejos de progresi\u00f3n, sino por su capacidad de transmitir una experiencia humana. Esta nominaci\u00f3n demostr\u00f3 que el impacto de un videojuego no depende exclusivamente de su escala, sino de la claridad y honestidad de su propuesta.<\/p>\n\n\n\n<h3 class=\"wp-block-heading\">Sebasti\u00e1n Valbuena y una noticia que lleg\u00f3 desde casa<\/h3>\n\n\n\n<p>Uno de los momentos m\u00e1s simb\u00f3licos de esta nominaci\u00f3n es la forma en que <strong>Sebasti\u00e1n Valbuena<\/strong>, uno de los creadores, se enter\u00f3 del reconocimiento. Antes de recibir una notificaci\u00f3n formal desde la organizaci\u00f3n de los premios, fueron <strong>personas en Ecuador<\/strong> quienes comenzaron a compartir la noticia, a escribir sobre el logro y a celebrarlo p\u00fablicamente.<\/p>\n\n\n\n<div class=\"wp-block-group is-content-justification-center is-nowrap is-layout-flex wp-container-core-group-is-layout-23441af8 wp-block-group-is-layout-flex\">\n<figure class=\"wp-block-image size-full\"><img fetchpriority=\"high\" decoding=\"async\" width=\"543\" height=\"447\" src=\"https:\/\/domevik.com\/wp-content\/uploads\/2026\/01\/Captura-de-pantalla-2026-01-26-183656.png\" alt=\"\" class=\"wp-image-440\" srcset=\"https:\/\/domevik.com\/wp-content\/uploads\/2026\/01\/Captura-de-pantalla-2026-01-26-183656.png 543w, https:\/\/domevik.com\/wp-content\/uploads\/2026\/01\/Captura-de-pantalla-2026-01-26-183656-300x247.png 300w\" sizes=\"(max-width: 543px) 100vw, 543px\" \/><\/figure>\n<\/div>\n\n\n\n<p>Medios digitales, usuarios en redes sociales y personas cercanas difundieron la nominaci\u00f3n, convirti\u00e9ndola en noticia nacional. Este eco local fue el primer indicador del impacto real que hab\u00eda alcanzado <em>Despelote<\/em>. La reacci\u00f3n del pa\u00eds precedi\u00f3 al reconocimiento institucional, reforzando la idea de que el juego ya hab\u00eda trascendido su origen antes incluso de recibir el aval oficial de la industria.<\/p>\n\n\n\n<h3 class=\"wp-block-heading\">Un antes y un despu\u00e9s para el videojuego ecuatoriano<\/h3>\n\n\n\n<p>M\u00e1s all\u00e1 del resultado final, la nominaci\u00f3n a los Game Awards marc\u00f3 un antes y un despu\u00e9s. <em>Despelote<\/em> se convirti\u00f3 en un referente que demuestra que el videojuego ecuatoriano puede existir, circular y ser reconocido fuera de sus fronteras sin perder su identidad.<\/p>\n\n\n\n<p>Este momento consolid\u00f3 el recorrido del juego desde lo \u00edntimo hasta lo global, desde la calle y el barrio hasta uno de los escenarios m\u00e1s importantes de la industria. En los Oscars de los videojuegos, <em>Despelote<\/em> no solo represent\u00f3 a sus creadores, sino a una forma distinta de entender el videojuego: como memoria, como experiencia y como relato cultural.<\/p>\n\n\n\n<div class=\"wp-block-buttons is-content-justification-center is-layout-flex wp-container-core-buttons-is-layout-a89b3969 wp-block-buttons-is-layout-flex\">\n<div class=\"wp-block-button has-custom-width wp-block-button__width-50\"><a class=\"wp-block-button__link has-border-color wp-element-button\" href=\"https:\/\/domevik.com\/index.php\/el-despelote-trascendio-a-todo-el-mundo\/impacto-a-nivel-mundial-de-despelote\/\" style=\"border-color:#9b51e0;border-width:4px;border-top-left-radius:100px;border-top-right-radius:100px;border-bottom-left-radius:100px;border-bottom-right-radius:100px\"><span class=\"wp-rich-text-font-awesome-icon wp-font-awesome-icon\"><svg aria-hidden=\"true\" focusable=\"false\" data-prefix=\"fas\" data-icon=\"glasses\" class=\"svg-inline--fa fa-glasses \" role=\"img\" xmlns=\"http:\/\/www.w3.org\/2000\/svg\" viewBox=\"0 0 576 512\"><path fill=\"currentColor\" d=\"M143.3 96c-14 0-26.5 9.2-30.6 22.6L70.4 256 224 256c17.7 0 32 14.3 32 32l64 0c0-17.7 14.3-32 32-32l153.6 0-42.3-137.4C459.2 105.2 446.8 96 432.7 96L400 96c-17.7 0-32-14.3-32-32s14.3-32 32-32l32.7 0c42.1 0 79.4 27.5 91.8 67.8l45.4 147.5c4.1 13.2 6.1 26.9 6.1 40.7l0 96c0 53-43 96-96 96l-64 0c-53 0-96-43-96-96l0-32-64 0 0 32c0 53-43 96-96 96l-64 0c-53 0-96-43-96-96l0-96c0-13.8 2.1-27.5 6.1-40.7L51.5 99.8C63.9 59.5 101.1 32 143.3 32L176 32c17.7 0 32 14.3 32 32s-14.3 32-32 32l-32.7 0zM64 320l0 64c0 17.7 14.3 32 32 32l64 0c17.7 0 32-14.3 32-32l0-64-128 0zm416 96c17.7 0 32-14.3 32-32l0-64-128 0 0 64c0 17.7 14.3 32 32 32l64 0z\"><\/path><\/svg><\/span> Impacto a nivel mundial de Despelote<\/a><\/div>\n\n\n\n<div class=\"wp-block-button has-custom-width wp-block-button__width-100\"><a class=\"wp-block-button__link has-border-color wp-element-button\" href=\"https:\/\/domevik.com\/index.php\/el-despelote-trascendio-a-todo-el-mundo\/\" style=\"border-color:#9b51e0;border-width:4px;border-top-left-radius:100px;border-top-right-radius:100px;border-bottom-left-radius:100px;border-bottom-right-radius:100px\"><span class=\"wp-rich-text-font-awesome-icon wp-font-awesome-icon\"><svg aria-hidden=\"true\" focusable=\"false\" data-prefix=\"fas\" data-icon=\"mobile-screen-button\" class=\"svg-inline--fa fa-mobile-screen-button \" role=\"img\" xmlns=\"http:\/\/www.w3.org\/2000\/svg\" viewBox=\"0 0 384 512\"><path fill=\"currentColor\" d=\"M16 64C16 28.7 44.7 0 80 0L304 0c35.3 0 64 28.7 64 64l0 384c0 35.3-28.7 64-64 64L80 512c-35.3 0-64-28.7-64-64L16 64zm64 0l0 304 224 0 0-304-224 0zM192 472c17.7 0 32-14.3 32-32s-14.3-32-32-32-32 14.3-32 32 14.3 32 32 32z\"><\/path><\/svg><\/span> El Despelote que trascendi\u00f3 a todo el mundo<\/a><\/div>\n<\/div>\n\n\n\n<p><\/p>\n","protected":false},"excerpt":{"rendered":"<p>Los Game Awards son considerados el espacio de mayor visibilidad y legitimaci\u00f3n dentro de la industria del videojuego.<\/p>\n","protected":false},"author":1,"featured_media":0,"parent":347,"menu_order":2,"comment_status":"closed","ping_status":"closed","template":"","meta":{"footnotes":""},"class_list":["post-351","page","type-page","status-publish","hentry"],"yoast_head":"<!-- This site is optimized with the Yoast SEO plugin v27.5 - https:\/\/yoast.com\/product\/yoast-seo-wordpress\/ -->\n<title>Los Oscars de los videojuegos - Domevik games<\/title>\n<meta name=\"robots\" content=\"index, follow, max-snippet:-1, max-image-preview:large, max-video-preview:-1\" \/>\n<link rel=\"canonical\" href=\"https:\/\/domevik.com\/index.php\/el-despelote-trascendio-a-todo-el-mundo\/los-oscars-de-los-videojuegos\/\" \/>\n<meta property=\"og:locale\" content=\"es_ES\" \/>\n<meta property=\"og:type\" content=\"article\" \/>\n<meta property=\"og:title\" content=\"Los Oscars de los videojuegos - Domevik games\" \/>\n<meta property=\"og:description\" content=\"Los Game Awards son considerados el espacio de mayor visibilidad y legitimaci\u00f3n dentro de la industria del videojuego.\" \/>\n<meta property=\"og:url\" content=\"https:\/\/domevik.com\/index.php\/el-despelote-trascendio-a-todo-el-mundo\/los-oscars-de-los-videojuegos\/\" \/>\n<meta property=\"og:site_name\" content=\"Domevik games\" \/>\n<meta property=\"article:publisher\" content=\"https:\/\/www.facebook.com\/dome.nevarez.977891\/\" \/>\n<meta property=\"article:modified_time\" content=\"2026-01-27T01:26:34+00:00\" \/>\n<meta property=\"og:image\" content=\"https:\/\/domevik.com\/wp-content\/uploads\/2026\/01\/Captura-de-pantalla-2026-01-26-183656.png\" \/>\n\t<meta property=\"og:image:width\" content=\"543\" \/>\n\t<meta property=\"og:image:height\" content=\"447\" \/>\n\t<meta property=\"og:image:type\" content=\"image\/png\" \/>\n<meta name=\"twitter:card\" content=\"summary_large_image\" \/>\n<meta name=\"twitter:site\" content=\"@Domevik\" \/>\n<meta name=\"twitter:label1\" content=\"Tiempo de lectura\" \/>\n\t<meta name=\"twitter:data1\" content=\"3 minutos\" \/>\n<script type=\"application\/ld+json\" class=\"yoast-schema-graph\">{\"@context\":\"https:\\\/\\\/schema.org\",\"@graph\":[{\"@type\":\"WebPage\",\"@id\":\"https:\\\/\\\/domevik.com\\\/index.php\\\/el-despelote-trascendio-a-todo-el-mundo\\\/los-oscars-de-los-videojuegos\\\/\",\"url\":\"https:\\\/\\\/domevik.com\\\/index.php\\\/el-despelote-trascendio-a-todo-el-mundo\\\/los-oscars-de-los-videojuegos\\\/\",\"name\":\"Los Oscars de los videojuegos - Domevik games\",\"isPartOf\":{\"@id\":\"https:\\\/\\\/domevik.com\\\/#website\"},\"primaryImageOfPage\":{\"@id\":\"https:\\\/\\\/domevik.com\\\/index.php\\\/el-despelote-trascendio-a-todo-el-mundo\\\/los-oscars-de-los-videojuegos\\\/#primaryimage\"},\"image\":{\"@id\":\"https:\\\/\\\/domevik.com\\\/index.php\\\/el-despelote-trascendio-a-todo-el-mundo\\\/los-oscars-de-los-videojuegos\\\/#primaryimage\"},\"thumbnailUrl\":\"https:\\\/\\\/domevik.com\\\/wp-content\\\/uploads\\\/2026\\\/01\\\/Captura-de-pantalla-2026-01-26-183656.png\",\"datePublished\":\"2026-01-22T04:07:24+00:00\",\"dateModified\":\"2026-01-27T01:26:34+00:00\",\"breadcrumb\":{\"@id\":\"https:\\\/\\\/domevik.com\\\/index.php\\\/el-despelote-trascendio-a-todo-el-mundo\\\/los-oscars-de-los-videojuegos\\\/#breadcrumb\"},\"inLanguage\":\"es\",\"potentialAction\":[{\"@type\":\"ReadAction\",\"target\":[\"https:\\\/\\\/domevik.com\\\/index.php\\\/el-despelote-trascendio-a-todo-el-mundo\\\/los-oscars-de-los-videojuegos\\\/\"]}]},{\"@type\":\"ImageObject\",\"inLanguage\":\"es\",\"@id\":\"https:\\\/\\\/domevik.com\\\/index.php\\\/el-despelote-trascendio-a-todo-el-mundo\\\/los-oscars-de-los-videojuegos\\\/#primaryimage\",\"url\":\"https:\\\/\\\/domevik.com\\\/wp-content\\\/uploads\\\/2026\\\/01\\\/Captura-de-pantalla-2026-01-26-183656.png\",\"contentUrl\":\"https:\\\/\\\/domevik.com\\\/wp-content\\\/uploads\\\/2026\\\/01\\\/Captura-de-pantalla-2026-01-26-183656.png\",\"width\":543,\"height\":447},{\"@type\":\"BreadcrumbList\",\"@id\":\"https:\\\/\\\/domevik.com\\\/index.php\\\/el-despelote-trascendio-a-todo-el-mundo\\\/los-oscars-de-los-videojuegos\\\/#breadcrumb\",\"itemListElement\":[{\"@type\":\"ListItem\",\"position\":1,\"name\":\"Portada\",\"item\":\"https:\\\/\\\/domevik.com\\\/\"},{\"@type\":\"ListItem\",\"position\":2,\"name\":\"El Despelote que trascendi\u00f3 a todo el mundo\",\"item\":\"https:\\\/\\\/domevik.com\\\/index.php\\\/el-despelote-trascendio-a-todo-el-mundo\\\/\"},{\"@type\":\"ListItem\",\"position\":3,\"name\":\"Los Oscars de los videojuegos\"}]},{\"@type\":\"WebSite\",\"@id\":\"https:\\\/\\\/domevik.com\\\/#website\",\"url\":\"https:\\\/\\\/domevik.com\\\/\",\"name\":\"Domevik games\",\"description\":\"En esta p\u00e1gina amamos los videojuegos \",\"publisher\":{\"@id\":\"https:\\\/\\\/domevik.com\\\/#\\\/schema\\\/person\\\/837d2f033639f1eb4519adc74389aa09\"},\"potentialAction\":[{\"@type\":\"SearchAction\",\"target\":{\"@type\":\"EntryPoint\",\"urlTemplate\":\"https:\\\/\\\/domevik.com\\\/?s={search_term_string}\"},\"query-input\":{\"@type\":\"PropertyValueSpecification\",\"valueRequired\":true,\"valueName\":\"search_term_string\"}}],\"inLanguage\":\"es\"},{\"@type\":[\"Person\",\"Organization\"],\"@id\":\"https:\\\/\\\/domevik.com\\\/#\\\/schema\\\/person\\\/837d2f033639f1eb4519adc74389aa09\",\"name\":\"Domevik\",\"image\":{\"@type\":\"ImageObject\",\"inLanguage\":\"es\",\"@id\":\"https:\\\/\\\/domevik.com\\\/wp-content\\\/uploads\\\/2025\\\/11\\\/cropped-cropped-ChatGPT-Image-17-nov-2025-08_43_42.png\",\"url\":\"https:\\\/\\\/domevik.com\\\/wp-content\\\/uploads\\\/2025\\\/11\\\/cropped-cropped-ChatGPT-Image-17-nov-2025-08_43_42.png\",\"contentUrl\":\"https:\\\/\\\/domevik.com\\\/wp-content\\\/uploads\\\/2025\\\/11\\\/cropped-cropped-ChatGPT-Image-17-nov-2025-08_43_42.png\",\"width\":512,\"height\":512,\"caption\":\"Domevik\"},\"logo\":{\"@id\":\"https:\\\/\\\/domevik.com\\\/wp-content\\\/uploads\\\/2025\\\/11\\\/cropped-cropped-ChatGPT-Image-17-nov-2025-08_43_42.png\"},\"sameAs\":[\"https:\\\/\\\/domevik.com\",\"https:\\\/\\\/www.facebook.com\\\/dome.nevarez.977891\\\/\",\"https:\\\/\\\/www.instagram.com\\\/domevik_\\\/\",\"https:\\\/\\\/x.com\\\/Domevik\",\"https:\\\/\\\/www.youtube.com\\\/channel\\\/UCm7scnUxBZAmpOuUWh1pBgg\"]}]}<\/script>\n<!-- \/ Yoast SEO plugin. -->","yoast_head_json":{"title":"Los Oscars de los videojuegos - Domevik games","robots":{"index":"index","follow":"follow","max-snippet":"max-snippet:-1","max-image-preview":"max-image-preview:large","max-video-preview":"max-video-preview:-1"},"canonical":"https:\/\/domevik.com\/index.php\/el-despelote-trascendio-a-todo-el-mundo\/los-oscars-de-los-videojuegos\/","og_locale":"es_ES","og_type":"article","og_title":"Los Oscars de los videojuegos - Domevik games","og_description":"Los Game Awards son considerados el espacio de mayor visibilidad y legitimaci\u00f3n dentro de la industria del videojuego.","og_url":"https:\/\/domevik.com\/index.php\/el-despelote-trascendio-a-todo-el-mundo\/los-oscars-de-los-videojuegos\/","og_site_name":"Domevik games","article_publisher":"https:\/\/www.facebook.com\/dome.nevarez.977891\/","article_modified_time":"2026-01-27T01:26:34+00:00","og_image":[{"width":543,"height":447,"url":"https:\/\/domevik.com\/wp-content\/uploads\/2026\/01\/Captura-de-pantalla-2026-01-26-183656.png","type":"image\/png"}],"twitter_card":"summary_large_image","twitter_site":"@Domevik","twitter_misc":{"Tiempo de lectura":"3 minutos"},"schema":{"@context":"https:\/\/schema.org","@graph":[{"@type":"WebPage","@id":"https:\/\/domevik.com\/index.php\/el-despelote-trascendio-a-todo-el-mundo\/los-oscars-de-los-videojuegos\/","url":"https:\/\/domevik.com\/index.php\/el-despelote-trascendio-a-todo-el-mundo\/los-oscars-de-los-videojuegos\/","name":"Los Oscars de los videojuegos - Domevik games","isPartOf":{"@id":"https:\/\/domevik.com\/#website"},"primaryImageOfPage":{"@id":"https:\/\/domevik.com\/index.php\/el-despelote-trascendio-a-todo-el-mundo\/los-oscars-de-los-videojuegos\/#primaryimage"},"image":{"@id":"https:\/\/domevik.com\/index.php\/el-despelote-trascendio-a-todo-el-mundo\/los-oscars-de-los-videojuegos\/#primaryimage"},"thumbnailUrl":"https:\/\/domevik.com\/wp-content\/uploads\/2026\/01\/Captura-de-pantalla-2026-01-26-183656.png","datePublished":"2026-01-22T04:07:24+00:00","dateModified":"2026-01-27T01:26:34+00:00","breadcrumb":{"@id":"https:\/\/domevik.com\/index.php\/el-despelote-trascendio-a-todo-el-mundo\/los-oscars-de-los-videojuegos\/#breadcrumb"},"inLanguage":"es","potentialAction":[{"@type":"ReadAction","target":["https:\/\/domevik.com\/index.php\/el-despelote-trascendio-a-todo-el-mundo\/los-oscars-de-los-videojuegos\/"]}]},{"@type":"ImageObject","inLanguage":"es","@id":"https:\/\/domevik.com\/index.php\/el-despelote-trascendio-a-todo-el-mundo\/los-oscars-de-los-videojuegos\/#primaryimage","url":"https:\/\/domevik.com\/wp-content\/uploads\/2026\/01\/Captura-de-pantalla-2026-01-26-183656.png","contentUrl":"https:\/\/domevik.com\/wp-content\/uploads\/2026\/01\/Captura-de-pantalla-2026-01-26-183656.png","width":543,"height":447},{"@type":"BreadcrumbList","@id":"https:\/\/domevik.com\/index.php\/el-despelote-trascendio-a-todo-el-mundo\/los-oscars-de-los-videojuegos\/#breadcrumb","itemListElement":[{"@type":"ListItem","position":1,"name":"Portada","item":"https:\/\/domevik.com\/"},{"@type":"ListItem","position":2,"name":"El Despelote que trascendi\u00f3 a todo el mundo","item":"https:\/\/domevik.com\/index.php\/el-despelote-trascendio-a-todo-el-mundo\/"},{"@type":"ListItem","position":3,"name":"Los Oscars de los videojuegos"}]},{"@type":"WebSite","@id":"https:\/\/domevik.com\/#website","url":"https:\/\/domevik.com\/","name":"Domevik games","description":"En esta p\u00e1gina amamos los videojuegos ","publisher":{"@id":"https:\/\/domevik.com\/#\/schema\/person\/837d2f033639f1eb4519adc74389aa09"},"potentialAction":[{"@type":"SearchAction","target":{"@type":"EntryPoint","urlTemplate":"https:\/\/domevik.com\/?s={search_term_string}"},"query-input":{"@type":"PropertyValueSpecification","valueRequired":true,"valueName":"search_term_string"}}],"inLanguage":"es"},{"@type":["Person","Organization"],"@id":"https:\/\/domevik.com\/#\/schema\/person\/837d2f033639f1eb4519adc74389aa09","name":"Domevik","image":{"@type":"ImageObject","inLanguage":"es","@id":"https:\/\/domevik.com\/wp-content\/uploads\/2025\/11\/cropped-cropped-ChatGPT-Image-17-nov-2025-08_43_42.png","url":"https:\/\/domevik.com\/wp-content\/uploads\/2025\/11\/cropped-cropped-ChatGPT-Image-17-nov-2025-08_43_42.png","contentUrl":"https:\/\/domevik.com\/wp-content\/uploads\/2025\/11\/cropped-cropped-ChatGPT-Image-17-nov-2025-08_43_42.png","width":512,"height":512,"caption":"Domevik"},"logo":{"@id":"https:\/\/domevik.com\/wp-content\/uploads\/2025\/11\/cropped-cropped-ChatGPT-Image-17-nov-2025-08_43_42.png"},"sameAs":["https:\/\/domevik.com","https:\/\/www.facebook.com\/dome.nevarez.977891\/","https:\/\/www.instagram.com\/domevik_\/","https:\/\/x.com\/Domevik","https:\/\/www.youtube.com\/channel\/UCm7scnUxBZAmpOuUWh1pBgg"]}]}},"_links":{"self":[{"href":"https:\/\/domevik.com\/index.php\/wp-json\/wp\/v2\/pages\/351","targetHints":{"allow":["GET"]}}],"collection":[{"href":"https:\/\/domevik.com\/index.php\/wp-json\/wp\/v2\/pages"}],"about":[{"href":"https:\/\/domevik.com\/index.php\/wp-json\/wp\/v2\/types\/page"}],"author":[{"embeddable":true,"href":"https:\/\/domevik.com\/index.php\/wp-json\/wp\/v2\/users\/1"}],"replies":[{"embeddable":true,"href":"https:\/\/domevik.com\/index.php\/wp-json\/wp\/v2\/comments?post=351"}],"version-history":[{"count":7,"href":"https:\/\/domevik.com\/index.php\/wp-json\/wp\/v2\/pages\/351\/revisions"}],"predecessor-version":[{"id":505,"href":"https:\/\/domevik.com\/index.php\/wp-json\/wp\/v2\/pages\/351\/revisions\/505"}],"up":[{"embeddable":true,"href":"https:\/\/domevik.com\/index.php\/wp-json\/wp\/v2\/pages\/347"}],"wp:attachment":[{"href":"https:\/\/domevik.com\/index.php\/wp-json\/wp\/v2\/media?parent=351"}],"curies":[{"name":"wp","href":"https:\/\/api.w.org\/{rel}","templated":true}]}}